{"id":157,"date":"2020-01-02T22:15:19","date_gmt":"2020-01-02T22:15:19","guid":{"rendered":"http:\/\/imkerei-lindner.de\/?page_id=157"},"modified":"2020-01-02T22:21:18","modified_gmt":"2020-01-02T22:21:18","slug":"honigbienen","status":"publish","type":"page","link":"https:\/\/imkerei-lindner.de\/?page_id=157","title":{"rendered":"Honigbienen"},"content":{"rendered":"\n<p> Bienen verbringen fast ihr gesamtes Leben in der Dunkelheit des Stocks. Wenn wir die Bienchen bei ihren Fl\u00fcgen beobachten und uns an ihrem Treiben erfreuen, dann haben sie den Gro\u00dfteil ihres kurzen Lebens schon hinter sich, drei Wochen Entwicklungszeit als Ei, Larve und Puppe, drei&nbsp; Wochen \u201eInnendienst\u201c als Stockbienen. Nur die Altbienen fliegen in ihren letzten ein bis drei Lebenswochen als Sammelbienen umher. In dieser kurzen Zeit k\u00f6nnen wir sie beobachten und diese kurze Lebensspanne pr\u00e4gt unser Bild von der flei\u00dfigen, Nektar und Pollen sammelnden Honigbiene. Gerade einmal ein Drittel ihrer Lebenszeit, die meiste Zeit liegt in absoluter Finsternis. <\/p>\n\n\n\n<p> Das Bienenvolk ist ein selbstregulierender Superorganismus der nur als Einheit bestehen kann, die einzelnen Tiere sind ohne die Gemeinschaft nicht lebensf\u00e4hig. Das Volk besteht aus drei Bienenwesen, einer K\u00f6nigin, je nach Jahreszeit 5.000 bis 50.000 Arbeiterinnen und im Sommer aus einigen 100 bis 1.000 m\u00e4nnlichen Drohnen. Die K\u00f6nigin ist in ihrer Einzelstellung das wichtigste Wesen im Bienenvolk, sie wird beim Hochzeitsflug als Jungk\u00f6nigin von den Drohnen begattet und kann ihr Leben lang befruchtete und unbefruchtete Eier legen. Aus unbefruchteten Eiern, die sie ausschlie\u00dflich in gr\u00f6\u00dfere Waben legt, werden m\u00e4nnlich Drohnen, aus den befruchteten Eiern ziehen die Arbeiterinnen, je nach F\u00fctterung der Larven, Arbeiterinnen oder eine neue K\u00f6nigin heran.<\/p>\n\n\n<ul class=\"wp-block-latest-posts__list has-dates wp-block-latest-posts\"><li><a class=\"wp-block-latest-posts__post-title\" href=\"https:\/\/imkerei-lindner.de\/?p=173\">Drohnen<\/a><time datetime=\"2020-01-02T22:20:26+00:00\" class=\"wp-block-latest-posts__post-date\">Januar 2, 2020<\/time><div class=\"wp-block-latest-posts__post-excerpt\">Die Drohnen sind die m\u00e4nnlichen Tiere einer Bienenkolonie, sie haben mit 24 Tagen die l\u00e4ngste Entwicklungszeit aller Bienenwesen. Ihre Brutzellen sind mit einem Durchmesser von 6,3 mm deutlich gr\u00f6\u00dfer als die der Arbeiterinnen, die exakt einen Durchmesser von 5,3 mm haben. Nur in der Zeit von April bis Juli legt die K\u00f6nigin in die von&#8230;<p class=\"more-link\"><a href=\"https:\/\/imkerei-lindner.de\/?p=173\" class=\"themebutton3\">Read More<\/a><\/p><\/div><\/li>\n<li><a class=\"wp-block-latest-posts__post-title\" href=\"https:\/\/imkerei-lindner.de\/?p=171\">Superorganismus<\/a><time datetime=\"2020-01-02T22:19:53+00:00\" class=\"wp-block-latest-posts__post-date\">Januar 2, 2020<\/time><div class=\"wp-block-latest-posts__post-excerpt\">Das Bienenvolk ist ein sich selbst regulierender Superorganismus. Jede einzelne Biene trifft ihre eigenen Entscheidungen, die in Konkurrenz oder Kooperation zu den Entscheidungen anderer Bienen stehen. Die Gesamtheit dieser Entscheidungen steuert den Superorganismus. Die Arbeiterinnen sind die eigentlichen Verantwortlichen in der Bienenkolonie. Sie bestimmen wann und wie viel Nektar und Pollen eingetragen werden, wie stark&#8230;<p class=\"more-link\"><a href=\"https:\/\/imkerei-lindner.de\/?p=171\" class=\"themebutton3\">Read More<\/a><\/p><\/div><\/li>\n<li><a class=\"wp-block-latest-posts__post-title\" href=\"https:\/\/imkerei-lindner.de\/?p=169\">Arbeiterin<\/a><time datetime=\"2020-01-02T22:19:19+00:00\" class=\"wp-block-latest-posts__post-date\">Januar 2, 2020<\/time><div class=\"wp-block-latest-posts__post-excerpt\">Aus befruchteten Eiern schl\u00fcpfen nach drei Tagen die Larven, die als Rundmaden bezeichnet werden, da sie gekr\u00fcmmt am Wabenzellenboden liegen. Sie werden drei Tage mit Gelee Royal gef\u00fcttert, um das Immunsystem zu st\u00e4rken, danach erhalten Arbeiterinnenlarven ausschlie\u00dflich Eiwei\u00df in Form von Pollen und Kohlenhydrate in Form von Nektar. Wenn sich die Made nach sechs Tagen&#8230;<p class=\"more-link\"><a href=\"https:\/\/imkerei-lindner.de\/?p=169\" class=\"themebutton3\">Read More<\/a><\/p><\/div><\/li>\n<li><a class=\"wp-block-latest-posts__post-title\" href=\"https:\/\/imkerei-lindner.de\/?p=167\">K\u00f6niginnentausch<\/a><time datetime=\"2020-01-02T22:18:46+00:00\" class=\"wp-block-latest-posts__post-date\">Januar 2, 2020<\/time><div class=\"wp-block-latest-posts__post-excerpt\">Sinkt der K\u00f6niginnenduftstoff im Volk, werden von den Arbeiterinnen Weiselzellen am unteren Rand der Wabe angelegt und die alte K\u00f6nigin bestiftet diese. Danach wird die K\u00f6nigin auf Di\u00e4t gesetzt und wird so wieder flugf\u00e4hig. Bevor die neue Prinzessin schl\u00fcpft, verl\u00e4sst die alte K\u00f6nigin den Stock mit etwa der H\u00e4lfte der Arbeiterinnen als Schwarm. Nach etwa&#8230;<p class=\"more-link\"><a href=\"https:\/\/imkerei-lindner.de\/?p=167\" class=\"themebutton3\">Read More<\/a><\/p><\/div><\/li>\n<li><a class=\"wp-block-latest-posts__post-title\" href=\"https:\/\/imkerei-lindner.de\/?p=165\">K\u00f6nigin<\/a><time datetime=\"2020-01-02T22:18:09+00:00\" class=\"wp-block-latest-posts__post-date\">Januar 2, 2020<\/time><div class=\"wp-block-latest-posts__post-excerpt\">Die K\u00f6nigin oder Weisel ist das gr\u00f6\u00dfte Tier im Volk. Sie ist 50 % gr\u00f6\u00dfer als eine normale Arbeiterin und das einzig voll ausgepr\u00e4gte Weibchen, das Eier legt. Sie wird 5 bis 6 Jahre alt und ist keine Regentin, lediglich durch Pheromone, ihren K\u00f6niginnenduftstoff, h\u00e4lt sie das Volk zusammen. Sie sammelt keinen Nektar oder Pollen&#8230;<p class=\"more-link\"><a href=\"https:\/\/imkerei-lindner.de\/?p=165\" class=\"themebutton3\">Read More<\/a><\/p><\/div><\/li>\n<li><a class=\"wp-block-latest-posts__post-title\" href=\"https:\/\/imkerei-lindner.de\/?p=163\">Sammelarbeit<\/a><time datetime=\"2020-01-02T22:17:35+00:00\" class=\"wp-block-latest-posts__post-date\">Januar 2, 2020<\/time><div class=\"wp-block-latest-posts__post-excerpt\">Das Bienenvolk besucht je nach Trachtangebot die Bl\u00fcten im Umkreis des Stocks von 2 \u2013 4 Kilometer und ist dabei \u00e4u\u00dferst effektiv. Pfadfinderbienen, ca. 5 \u2013 20 % der Flugbienen, erkunden etliche Quadratkilometer Landschaft mit vielen Millionen Bl\u00fcten, rekrutieren im Stock die Sammelbienen und f\u00fchren sie zur Trachtquelle. Hierbei werden nur so viele Sammelbienen ausgesendet,&#8230;<p class=\"more-link\"><a href=\"https:\/\/imkerei-lindner.de\/?p=163\" class=\"themebutton3\">Read More<\/a><\/p><\/div><\/li>\n<li><a class=\"wp-block-latest-posts__post-title\" href=\"https:\/\/imkerei-lindner.de\/?p=161\">Sammelleistung<\/a><time datetime=\"2020-01-02T22:17:01+00:00\" class=\"wp-block-latest-posts__post-date\">Januar 2, 2020<\/time><div class=\"wp-block-latest-posts__post-excerpt\">Nur die Altbienen sind Flugbienen und k\u00f6nnen erst ab 12\u00b0C Au\u00dfentemperatur fliegen. Sie sammeln maximal 20 Tage lang, danach sterben sie. Starke V\u00f6lker bringen im Verlauf eines Sommers bis zu 200.000 Sammelbienen hervor, die rein rechnerisch \u00fcber 1.000 Kilo Nektar sammeln k\u00f6nnen, was einem Honigvolumen von bis zu 500 Kilo entsprechen w\u00fcrde. Bedingt durch Umwelteinfl\u00fcsse&#8230;<p class=\"more-link\"><a href=\"https:\/\/imkerei-lindner.de\/?p=161\" class=\"themebutton3\">Read More<\/a><\/p><\/div><\/li>\n<li><a class=\"wp-block-latest-posts__post-title\" href=\"https:\/\/imkerei-lindner.de\/?p=159\">Nektar<\/a><time datetime=\"2020-01-02T22:16:21+00:00\" class=\"wp-block-latest-posts__post-date\">Januar 2, 2020<\/time><div class=\"wp-block-latest-posts__post-excerpt\">Bienen sammeln keinen Honig sondern Nektar, den die Pflanzen in den Bl\u00fcten und in nicht floralen Nektarien absondern. Eine Bienenkolonie kann an einem einzigen Tag mehrere Millionen Bl\u00fcten besuchen und best\u00e4uben. Durch die Trachttreue und das schonende Pollensammeln der Honigbienen muss die Pflanze vergleichsweise weniger Pollen produzieren. Um die Bienen anzulocken wird in den Bl\u00fcten&#8230;<p class=\"more-link\"><a href=\"https:\/\/imkerei-lindner.de\/?p=159\" class=\"themebutton3\">Read More<\/a><\/p><\/div><\/li>\n<\/ul>","protected":false},"excerpt":{"rendered":"<p>Bienen verbringen fast ihr gesamtes Leben in der Dunkelheit des Stocks. Wenn wir die Bienchen bei ihren Fl\u00fcgen beobachten und uns an ihrem Treiben erfreuen, dann haben sie den Gro\u00dfteil ihres kurzen Lebens schon hinter sich, drei Wochen Entwicklungszeit als Ei, Larve und Puppe, drei&nbsp; Wochen \u201eInnendienst\u201c als Stockbienen. Nur die Altbienen fliegen in ihren&#8230;<\/p>\n<p class=\"more-link\"><a href=\"https:\/\/imkerei-lindner.de\/?page_id=157\" class=\"themebutton3\">Read More<\/a><\/p>\n","protected":false},"author":1,"featured_media":0,"parent":0,"menu_order":0,"comment_status":"closed","ping_status":"closed","template":"","meta":[],"_links":{"self":[{"href":"https:\/\/imkerei-lindner.de\/index.php?rest_route=\/wp\/v2\/pages\/157"}],"collection":[{"href":"https:\/\/imkerei-lindner.de\/index.php?rest_route=\/wp\/v2\/pages"}],"about":[{"href":"https:\/\/imkerei-lindner.de\/index.php?rest_route=\/wp\/v2\/types\/page"}],"author":[{"embeddable":true,"href":"https:\/\/imkerei-lindner.de\/index.php?rest_route=\/wp\/v2\/users\/1"}],"replies":[{"embeddable":true,"href":"https:\/\/imkerei-lindner.de\/index.php?rest_route=%2Fwp%2Fv2%2Fcomments&post=157"}],"version-history":[{"count":3,"href":"https:\/\/imkerei-lindner.de\/index.php?rest_route=\/wp\/v2\/pages\/157\/revisions"}],"predecessor-version":[{"id":176,"href":"https:\/\/imkerei-lindner.de\/index.php?rest_route=\/wp\/v2\/pages\/157\/revisions\/176"}],"wp:attachment":[{"href":"https:\/\/imkerei-lindner.de\/index.php?rest_route=%2Fwp%2Fv2%2Fmedia&parent=157"}],"curies":[{"name":"wp","href":"https:\/\/api.w.org\/{rel}","templated":true}]}}