{"id":60,"date":"2020-01-02T17:15:01","date_gmt":"2020-01-02T17:15:01","guid":{"rendered":"http:\/\/imkerei-lindner.de\/?page_id=60"},"modified":"2020-01-22T10:23:19","modified_gmt":"2020-01-22T10:23:19","slug":"honig","status":"publish","type":"page","link":"https:\/\/imkerei-lindner.de\/?page_id=60","title":{"rendered":"Honig"},"content":{"rendered":"\n<p> Es gibt verschiedenste Honige, die sich in ihrem Geschmack unterscheiden. Je nach den Pflanzen, die in einer Entfernung von 2-3 km rund um den Bienenstock wachsen, werden verschiedene Nektare eingetragen. Normalerweise erntet der Imker im Fr\u00fchjahr einen Bl\u00fctenhonig, ein Gemisch aus fr\u00fchbl\u00fchenden Wiesenblumen und Obstbaumbl\u00fcten. Ende Mai kommt mit der Rapsbl\u00fcte der Rapshonig hinzu und in Waldesn\u00e4he kann der Imker einen Waldhonig ernten, wenn&nbsp; im Sommer die Bienen den Honigtau der Blattl\u00e4use eintragen. <\/p>\n\n\n\n<figure class=\"wp-block-image size-large\"><img decoding=\"async\" loading=\"lazy\" width=\"1024\" height=\"873\" src=\"https:\/\/imkerei-lindner.de\/wp-content\/uploads\/2020\/01\/honig-1024x873.jpg\" alt=\"\" class=\"wp-image-199\" srcset=\"https:\/\/imkerei-lindner.de\/wp-content\/uploads\/2020\/01\/honig-1024x873.jpg 1024w, https:\/\/imkerei-lindner.de\/wp-content\/uploads\/2020\/01\/honig-300x256.jpg 300w, https:\/\/imkerei-lindner.de\/wp-content\/uploads\/2020\/01\/honig-768x654.jpg 768w, https:\/\/imkerei-lindner.de\/wp-content\/uploads\/2020\/01\/honig-1536x1309.jpg 1536w, https:\/\/imkerei-lindner.de\/wp-content\/uploads\/2020\/01\/honig-2048x1745.jpg 2048w\" sizes=\"(max-width: 1024px) 100vw, 1024px\" \/><\/figure>\n\n\n\n<p> Wandert ein Imker zur Tracht, d.h. er stellt seine Bienenst\u00f6cke an entsprechenden Standorten auf, so k\u00f6nnen noch Akazien-, Klee-, oder Heidehonig hinzukommen. Ab einem gemessenen Pollenanteil im Honig von 50% und dar\u00fcber gibt die Tracht dem geernteten Honig ihren Namen. <\/p>\n\n\n\n<p> Die Imkerei ist ein m\u00fchsames Gesch\u00e4ft und deshalb ist Honig vom Imker ein teures Gut. Und nur beim Imker vor Ort erhalten Sie einen hochwertigen naturbelassenen Honig mit allen urspr\u00fcnglichen Inhaltsstoffen.<\/p>\n\n\n\n<figure class=\"wp-block-image size-large\"><img decoding=\"async\" loading=\"lazy\" width=\"1024\" height=\"768\" src=\"http:\/\/imkerei-lindner.de\/wp-content\/uploads\/2020\/01\/DSCN6336-1024x768.jpg\" alt=\"\" class=\"wp-image-188\" srcset=\"https:\/\/imkerei-lindner.de\/wp-content\/uploads\/2020\/01\/DSCN6336-1024x768.jpg 1024w, https:\/\/imkerei-lindner.de\/wp-content\/uploads\/2020\/01\/DSCN6336-300x225.jpg 300w, https:\/\/imkerei-lindner.de\/wp-content\/uploads\/2020\/01\/DSCN6336-768x576.jpg 768w, https:\/\/imkerei-lindner.de\/wp-content\/uploads\/2020\/01\/DSCN6336-1536x1152.jpg 1536w, https:\/\/imkerei-lindner.de\/wp-content\/uploads\/2020\/01\/DSCN6336-2048x1536.jpg 2048w\" sizes=\"(max-width: 1024px) 100vw, 1024px\" \/><figcaption>Paul beim Entdeckeln der Honigwaben<\/figcaption><\/figure>\n\n\n\n<p> Laut Deutscher Honigverordnung d\u00fcrfen dem Naturprodukt Honig weder Stoffe hinzugef\u00fcgt noch Bestandteile entzogen werden, lediglich eine Reinigung mittels Honigsieb ist erlaubt.<\/p>\n\n\n\n<figure class=\"wp-block-image size-large\"><img decoding=\"async\" loading=\"lazy\" width=\"792\" height=\"1024\" src=\"https:\/\/imkerei-lindner.de\/wp-content\/uploads\/2020\/01\/20190610_104807-1-792x1024.jpg\" alt=\"\" class=\"wp-image-192\" srcset=\"https:\/\/imkerei-lindner.de\/wp-content\/uploads\/2020\/01\/20190610_104807-1-792x1024.jpg 792w, https:\/\/imkerei-lindner.de\/wp-content\/uploads\/2020\/01\/20190610_104807-1-232x300.jpg 232w, https:\/\/imkerei-lindner.de\/wp-content\/uploads\/2020\/01\/20190610_104807-1-768x993.jpg 768w, https:\/\/imkerei-lindner.de\/wp-content\/uploads\/2020\/01\/20190610_104807-1-1187x1536.jpg 1187w, https:\/\/imkerei-lindner.de\/wp-content\/uploads\/2020\/01\/20190610_104807-1-1583x2048.jpg 1583w, https:\/\/imkerei-lindner.de\/wp-content\/uploads\/2020\/01\/20190610_104807-1.jpg 1836w\" sizes=\"(max-width: 792px) 100vw, 792px\" \/><figcaption>An der Schleuder<\/figcaption><\/figure>\n\n\n\n<p> Honig im Supermarkt ist meist ein Verschnitt aus Honigen von EU- und Nicht-EU-L\u00e4ndern, mikrogefiltert, um die halbe Welt geschippert, erhitzt, um die Kristallisation hinauszuz\u00f6gern, und oft mit Wasser und Zucker gestreckt, um ihn stets fl\u00fcssig aus der Plastikflasche auf das Br\u00f6tchen tropfen lassen zu k\u00f6nnen. Das hat mit echtem Imkerhonig nur noch wenig gemeinsam.<\/p>\n\n\n\n<p> Honig besteht aus ca. 200 verschiedenen Inhaltsstoffen, unter anderem aus Frucht- und Traubenzucker, Enzymen, Inhibinen, Antioxidantien, Acetylcholin, Mineralstoffen, Pollen und Wasser.<\/p>\n\n\n<ul class=\"wp-block-latest-posts__list has-dates wp-block-latest-posts\"><li><a class=\"wp-block-latest-posts__post-title\" href=\"https:\/\/imkerei-lindner.de\/?p=144\">Honig sammeln<\/a><time datetime=\"2020-01-02T21:49:50+00:00\" class=\"wp-block-latest-posts__post-date\">Januar 2, 2020<\/time><div class=\"wp-block-latest-posts__post-excerpt\">Die Honigblase der Bienen hat ein Fassungsverm\u00f6gen von 0,05 Gramm und ist etwa so gro\u00df wie eine Stecknadel. Eine einzelne Arbeitsbiene schafft es in ihrem ganzem Leben Nektar f\u00fcr nur eineinhalb Teel\u00f6ffel Honig zu sammeln. F\u00fcr ein 500 g Glas Rapshonig m\u00fcssen die Bienen ca. 75.000 km zur\u00fccklegen, das ist fast zweimal um die Erde.<\/div><\/li>\n<li><a class=\"wp-block-latest-posts__post-title\" href=\"https:\/\/imkerei-lindner.de\/?p=133\">Honig<\/a><time datetime=\"2020-01-02T21:45:19+00:00\" class=\"wp-block-latest-posts__post-date\">Januar 2, 2020<\/time><div class=\"wp-block-latest-posts__post-excerpt\">Ubi apis ibi salus \u2013 wo Bienen sind, dort ist Gesundheit Schon im alten \u00c4gypten, in den Hochkulturen der Griechen und Assyrer und in der traditionellen Klostermedizin wurde der Honig hoch gesch\u00e4tzt.\u00a0 In der Chinesischen und Ayurverdischen Medizin sowie in der Naturheilkunde wird der Honig unter anderem wegen seiner entz\u00fcndungshemmenden Wirkung vielf\u00e4ltig eingesetzt. Bei uns&#8230;<p class=\"more-link\"><a href=\"https:\/\/imkerei-lindner.de\/?p=133\" class=\"themebutton3\">Read More<\/a><\/p><\/div><\/li>\n<\/ul>","protected":false},"excerpt":{"rendered":"<p>Es gibt verschiedenste Honige, die sich in ihrem Geschmack unterscheiden. Je nach den Pflanzen, die in einer Entfernung von 2-3 km rund um den Bienenstock wachsen, werden verschiedene Nektare eingetragen. Normalerweise erntet der Imker im Fr\u00fchjahr einen Bl\u00fctenhonig, ein Gemisch aus fr\u00fchbl\u00fchenden Wiesenblumen und Obstbaumbl\u00fcten. Ende Mai kommt mit der Rapsbl\u00fcte der Rapshonig hinzu und&#8230;<\/p>\n<p class=\"more-link\"><a href=\"https:\/\/imkerei-lindner.de\/?page_id=60\" class=\"themebutton3\">Read More<\/a><\/p>\n","protected":false},"author":1,"featured_media":0,"parent":0,"menu_order":0,"comment_status":"closed","ping_status":"closed","template":"","meta":[],"_links":{"self":[{"href":"https:\/\/imkerei-lindner.de\/index.php?rest_route=\/wp\/v2\/pages\/60"}],"collection":[{"href":"https:\/\/imkerei-lindner.de\/index.php?rest_route=\/wp\/v2\/pages"}],"about":[{"href":"https:\/\/imkerei-lindner.de\/index.php?rest_route=\/wp\/v2\/types\/page"}],"author":[{"embeddable":true,"href":"https:\/\/imkerei-lindner.de\/index.php?rest_route=\/wp\/v2\/users\/1"}],"replies":[{"embeddable":true,"href":"https:\/\/imkerei-lindner.de\/index.php?rest_route=%2Fwp%2Fv2%2Fcomments&post=60"}],"version-history":[{"count":5,"href":"https:\/\/imkerei-lindner.de\/index.php?rest_route=\/wp\/v2\/pages\/60\/revisions"}],"predecessor-version":[{"id":200,"href":"https:\/\/imkerei-lindner.de\/index.php?rest_route=\/wp\/v2\/pages\/60\/revisions\/200"}],"wp:attachment":[{"href":"https:\/\/imkerei-lindner.de\/index.php?rest_route=%2Fwp%2Fv2%2Fmedia&parent=60"}],"curies":[{"name":"wp","href":"https:\/\/api.w.org\/{rel}","templated":true}]}}