{"id":62,"date":"2020-01-02T17:23:37","date_gmt":"2020-01-02T17:23:37","guid":{"rendered":"http:\/\/imkerei-lindner.de\/?page_id=62"},"modified":"2020-01-22T10:21:15","modified_gmt":"2020-01-22T10:21:15","slug":"bienenwachs","status":"publish","type":"page","link":"https:\/\/imkerei-lindner.de\/?page_id=62","title":{"rendered":"Bienenwachs"},"content":{"rendered":"\n<p> Im Bienenwachs stecken \u00fcber 300 verschiedene Substanzen, von denen viele pflegende Eigenschaften haben. So wird Bienenwachs f\u00fcr Cremes, Salben und Wachsauflagen verwendet. H\u00e4ufig wird das Bienenwachs zur Herstellung von sehr aromatischen Kerzen verwendet.<\/p>\n\n\n\n<p>Wir haben in unserer Imkerei einen geschlossenen Wachskreislauf und unsere Bienen betreiben Naturwabenbau. Nur im Brutraum verwenden wir selbst hergestellte Mittelw\u00e4nde, f\u00fcr die wir ausschlie\u00dflich unser eigenes Wachs aus den vorj\u00e4hrigen Honigr\u00e4umen verwenden. <\/p>\n\n\n\n<figure class=\"wp-block-image size-large\"><img decoding=\"async\" loading=\"lazy\" width=\"1024\" height=\"768\" src=\"http:\/\/imkerei-lindner.de\/wp-content\/uploads\/2020\/01\/SSL22996-1024x768.jpg\" alt=\"Mittelwandpresse\" class=\"wp-image-190\" srcset=\"https:\/\/imkerei-lindner.de\/wp-content\/uploads\/2020\/01\/SSL22996-1024x768.jpg 1024w, https:\/\/imkerei-lindner.de\/wp-content\/uploads\/2020\/01\/SSL22996-300x225.jpg 300w, https:\/\/imkerei-lindner.de\/wp-content\/uploads\/2020\/01\/SSL22996-768x576.jpg 768w, https:\/\/imkerei-lindner.de\/wp-content\/uploads\/2020\/01\/SSL22996-1536x1152.jpg 1536w, https:\/\/imkerei-lindner.de\/wp-content\/uploads\/2020\/01\/SSL22996-2048x1536.jpg 2048w\" sizes=\"(max-width: 1024px) 100vw, 1024px\" \/><figcaption>Herstellung von eigenen Mittelw\u00e4nden f\u00fcr den Brutraum<\/figcaption><\/figure>\n\n\n\n<p>In den Honigr\u00e4umen wird lediglich ein schmaler Wachsstreifen in die R\u00e4hmchen geklebt, die Bienen bauen die Waben komplett selbst aus, ohne Mittelw\u00e4nde.<\/p>\n\n\n\n<h2>Bienenwachst\u00fccher<\/h2>\n\n\n\n<p>Seit 2019 bieten wir hochwertige Bienenwachst\u00fccher aus eigner Manufaktur an. Mit unseren Bienewachst\u00fcchern lassen sich Obst und Gem\u00fcse einwickeln oder Becher und Schalen mit Lebensmitteln luftdicht abdecken.<\/p>\n\n\n\n<figure class=\"wp-block-image size-large\"><img decoding=\"async\" loading=\"lazy\" width=\"1024\" height=\"768\" src=\"https:\/\/imkerei-lindner.de\/wp-content\/uploads\/2020\/01\/20200122_105226-1024x768.jpg\" alt=\"\" class=\"wp-image-195\" srcset=\"https:\/\/imkerei-lindner.de\/wp-content\/uploads\/2020\/01\/20200122_105226-1024x768.jpg 1024w, https:\/\/imkerei-lindner.de\/wp-content\/uploads\/2020\/01\/20200122_105226-300x225.jpg 300w, https:\/\/imkerei-lindner.de\/wp-content\/uploads\/2020\/01\/20200122_105226-768x576.jpg 768w, https:\/\/imkerei-lindner.de\/wp-content\/uploads\/2020\/01\/20200122_105226-1536x1152.jpg 1536w, https:\/\/imkerei-lindner.de\/wp-content\/uploads\/2020\/01\/20200122_105226-2048x1536.jpg 2048w\" sizes=\"(max-width: 1024px) 100vw, 1024px\" \/><figcaption>Unsere Bienenwachst\u00fccher<\/figcaption><\/figure>\n\n\n\n<p>Wir verwenden f\u00fcr die Wachst\u00fccher ausschlie\u00dflich Entdeckelungswachs von unseren eigenen Bienenv\u00f6lkern. <\/p>\n\n\n\n<h2>Pflege von Bienenwachst\u00fcchern<\/h2>\n\n\n\n<p>Das Bienenwachstuch nur mit lauwarmem Wasser und etwas\nSp\u00fclmittel abwaschen. Kein hei\u00dfes Wasser verwenden!<\/p>\n\n\n\n<p>Wenn das Wachstuch mit der Zeit Spuren vom Falten\nbekommt, einfach das Bienen-wachstuch auf einem St\u00fcck Backpapier f\u00fcr <br>\n2 Minuten bei 100 \u00b0C in den Ofen legen und das Wachs wieder einziehen lassen.<\/p>\n","protected":false},"excerpt":{"rendered":"<p>Im Bienenwachs stecken \u00fcber 300 verschiedene Substanzen, von denen viele pflegende Eigenschaften haben. So wird Bienenwachs f\u00fcr Cremes, Salben und Wachsauflagen verwendet. H\u00e4ufig wird das Bienenwachs zur Herstellung von sehr aromatischen Kerzen verwendet. Wir haben in unserer Imkerei einen geschlossenen Wachskreislauf und unsere Bienen betreiben Naturwabenbau. Nur im Brutraum verwenden wir selbst hergestellte Mittelw\u00e4nde, f\u00fcr&#8230;<\/p>\n<p class=\"more-link\"><a href=\"https:\/\/imkerei-lindner.de\/?page_id=62\" class=\"themebutton3\">Read More<\/a><\/p>\n","protected":false},"author":1,"featured_media":0,"parent":0,"menu_order":0,"comment_status":"closed","ping_status":"closed","template":"","meta":[],"_links":{"self":[{"href":"https:\/\/imkerei-lindner.de\/index.php?rest_route=\/wp\/v2\/pages\/62"}],"collection":[{"href":"https:\/\/imkerei-lindner.de\/index.php?rest_route=\/wp\/v2\/pages"}],"about":[{"href":"https:\/\/imkerei-lindner.de\/index.php?rest_route=\/wp\/v2\/types\/page"}],"author":[{"embeddable":true,"href":"https:\/\/imkerei-lindner.de\/index.php?rest_route=\/wp\/v2\/users\/1"}],"replies":[{"embeddable":true,"href":"https:\/\/imkerei-lindner.de\/index.php?rest_route=%2Fwp%2Fv2%2Fcomments&post=62"}],"version-history":[{"count":4,"href":"https:\/\/imkerei-lindner.de\/index.php?rest_route=\/wp\/v2\/pages\/62\/revisions"}],"predecessor-version":[{"id":196,"href":"https:\/\/imkerei-lindner.de\/index.php?rest_route=\/wp\/v2\/pages\/62\/revisions\/196"}],"wp:attachment":[{"href":"https:\/\/imkerei-lindner.de\/index.php?rest_route=%2Fwp%2Fv2%2Fmedia&parent=62"}],"curies":[{"name":"wp","href":"https:\/\/api.w.org\/{rel}","templated":true}]}}