{"id":68,"date":"2020-01-02T17:29:17","date_gmt":"2020-01-02T17:29:17","guid":{"rendered":"http:\/\/imkerei-lindner.de\/?page_id=68"},"modified":"2020-01-02T17:29:17","modified_gmt":"2020-01-02T17:29:17","slug":"gelee-royal","status":"publish","type":"page","link":"https:\/\/imkerei-lindner.de\/?page_id=68","title":{"rendered":"Gelee Royal"},"content":{"rendered":"\n<p>Die K\u00f6nigin wird ausschlie\u00dflich mit Gelee Royal gef\u00fcttert, einen Futtersaft, der in den Kopfdr\u00fcsen der Bienen produziert wird. Alle anderen Bienen erhalten ihn nur die ersten drei Tage im fr\u00fchen Larvenstadium. <\/p>\n\n\n\n<p>Gelee Royal kann als Nahrungserg\u00e4nzungsmittel eingenommen werden, es st\u00e4rkt das Immunsystem, regt den Stoffwechsel an und soll den weiblichen Hormonhaushalt normalisieren.<\/p>\n\n\n\n<p>Die Ernte und die Lagerung von Gelee Royal ist extrem Aufwendig und wir bieten deshalb kein Gelee royal an. <\/p>\n","protected":false},"excerpt":{"rendered":"<p>Die K\u00f6nigin wird ausschlie\u00dflich mit Gelee Royal gef\u00fcttert, einen Futtersaft, der in den Kopfdr\u00fcsen der Bienen produziert wird. Alle anderen Bienen erhalten ihn nur die ersten drei Tage im fr\u00fchen Larvenstadium. Gelee Royal kann als Nahrungserg\u00e4nzungsmittel eingenommen werden, es st\u00e4rkt das Immunsystem, regt den Stoffwechsel an und soll den weiblichen Hormonhaushalt normalisieren. Die Ernte und&#8230;<\/p>\n<p class=\"more-link\"><a href=\"https:\/\/imkerei-lindner.de\/?page_id=68\" class=\"themebutton3\">Read More<\/a><\/p>\n","protected":false},"author":1,"featured_media":0,"parent":0,"menu_order":0,"comment_status":"closed","ping_status":"closed","template":"","meta":[],"_links":{"self":[{"href":"https:\/\/imkerei-lindner.de\/index.php?rest_route=\/wp\/v2\/pages\/68"}],"collection":[{"href":"https:\/\/imkerei-lindner.de\/index.php?rest_route=\/wp\/v2\/pages"}],"about":[{"href":"https:\/\/imkerei-lindner.de\/index.php?rest_route=\/wp\/v2\/types\/page"}],"author":[{"embeddable":true,"href":"https:\/\/imkerei-lindner.de\/index.php?rest_route=\/wp\/v2\/users\/1"}],"replies":[{"embeddable":true,"href":"https:\/\/imkerei-lindner.de\/index.php?rest_route=%2Fwp%2Fv2%2Fcomments&post=68"}],"version-history":[{"count":1,"href":"https:\/\/imkerei-lindner.de\/index.php?rest_route=\/wp\/v2\/pages\/68\/revisions"}],"predecessor-version":[{"id":69,"href":"https:\/\/imkerei-lindner.de\/index.php?rest_route=\/wp\/v2\/pages\/68\/revisions\/69"}],"wp:attachment":[{"href":"https:\/\/imkerei-lindner.de\/index.php?rest_route=%2Fwp%2Fv2%2Fmedia&parent=68"}],"curies":[{"name":"wp","href":"https:\/\/api.w.org\/{rel}","templated":true}]}}