{"id":81,"date":"2020-01-02T20:31:26","date_gmt":"2020-01-02T20:31:26","guid":{"rendered":"http:\/\/imkerei-lindner.de\/?page_id=81"},"modified":"2020-01-02T21:55:14","modified_gmt":"2020-01-02T21:55:14","slug":"wildbienen","status":"publish","type":"page","link":"https:\/\/imkerei-lindner.de\/?page_id=81","title":{"rendered":"Wildbienen"},"content":{"rendered":"\n<p> Von den weltweit 17.000 nachgewiesenen Bienenarten leben in Deutschland \u00fcber 550. Die bekannteste Bienenart ist sicherlich die Honigbiene, die von uns Imkern als Nutztier gehalten wird. Die anderen 549 Bienenarten sind den meisten Menschen unbekannt und f\u00fchren ein Schattendasein. Oder wer kennt schon die Gartenwollbiene, die Blattschneiderbiene, die Sandbiene, Buckelbiene, Wespenbiene, Fleckenbiene, Kuckuckshummel, die geh\u00f6rnte Mauerbiene, die Gallen-Mauerbiene, die rostrote Mauerbiene, die Schmuckbiene oder die imposante Blauschwarze Holzbiene? Dennoch sind sie f\u00fcr unser \u00d6kosystem und die Best\u00e4ubung von Wildpflanzen von unsch\u00e4tzbarem Wert. Leider nimmt ihre Zahl \u00e4hnlich der der Honigbienen  immer weiter ab und bereits 293 (52%) der in Deutschland vorkommenden Bienenarten sind auf der roten Liste der bedrohten Arten und 31 stehen kurz vor dem Aussterben. Die Ursachen sind wie bei den Honigbienen vielf\u00e4ltig, aber auch hier zeigt sich eine negative Auswirkung durch Bebauung und Versiegelung der Landschaften sowie durch die moderne industrielle Landwirtschaft. Ein immer weiter fortschreitender Verlust von Nistpl\u00e4tzen und eine starke Reduzierung von artenreicher Vegetation mit vielen Bl\u00fchpflanzen f\u00fchrt unweigerlich zur Vernichtung ganzer Wildbienenbest\u00e4nde.<\/p>\n\n\n\n<p> Es ist an der Zeit zu handeln und jeder kann in seinem privaten Umfeld einen Beitrag leisten, die Wildbienen zu sch\u00fctzen. Das Nahrungsangebot l\u00e4sst sich durch wenige Eingriffe auch im eigenen Garten leicht f\u00fcr Wildbienen attraktiv gestalten. Nistm\u00f6glichkeiten k\u00f6nnen mit wenig Aufwand zur Verf\u00fcgung gestellt werden, man muss nicht gleich ein umfangreiches Insektenhotel aufstellen, schon ein paar Brombeerzweige, etwas Schilf, Bambus und Holunder\u00e4ste richtig angeordnet ergeben sehr dekorative Nisthilfen f\u00fcr unsere heimischen Wildbienen.<\/p>\n\n\n<ul class=\"wp-block-latest-posts__list wp-block-latest-posts\"><li><a class=\"wp-block-latest-posts__post-title\" href=\"https:\/\/imkerei-lindner.de\/?p=94\">Totholz<\/a><div class=\"wp-block-latest-posts__post-excerpt\">Alte abgefallene, bereits angemorschte \u00c4ste von B\u00e4umen kann man als 1-2 Meterst\u00fccke sehr dekorativ im Garten aufstellen. Der Zustand des Totholzes, Morschegrad und Art des Baumes (Laubbaum, Nadelbaum) ist ausschlaggebend f\u00fcr unterschiedliche Wildbienen, die man damit anlocken kann. Als sehr dekorativ haben sich alte dicke \u00c4ste von Obstb\u00e4umen erwiesen. Man kann auch einen kleinen Holzstapel&#8230;<p class=\"more-link\"><a href=\"https:\/\/imkerei-lindner.de\/?p=94\" class=\"themebutton3\">Read More<\/a><\/p><\/div><\/li>\n<li><a class=\"wp-block-latest-posts__post-title\" href=\"https:\/\/imkerei-lindner.de\/?p=91\">Bodennistplatz<\/a><div class=\"wp-block-latest-posts__post-excerpt\">Ein Bodennistplatz ist schnell und einfach angelegt, an einem trockenen und sonnigen Standort, am besten im Kr\u00e4uterbeet zwischen mediterranen Pflanzen, mit ein paar kleinen Bruchsteinen einen kleinen Platz einfassen und mit lehmigen Sand oder Flugsand f\u00fcllen. F\u00fcr Hummeln eignen sich Hohlr\u00e4ume im Boden, alte M\u00e4useg\u00e4nge, und Ritzen in Trockenmauern mit dahinterliegenden Hohlr\u00e4umen. Eine Trockenmauer ist&#8230;<p class=\"more-link\"><a href=\"https:\/\/imkerei-lindner.de\/?p=91\" class=\"themebutton3\">Read More<\/a><\/p><\/div><\/li>\n<li><a class=\"wp-block-latest-posts__post-title\" href=\"https:\/\/imkerei-lindner.de\/?p=89\">Holzst\u00fccke mit Bohrungen<\/a><div class=\"wp-block-latest-posts__post-excerpt\">Hartholzst\u00fccke (Buche Eiche Esche) k\u00f6nnen auch mit Bohrern unterschiedlichster St\u00e4rke 2-9mm unterschiedlich tief (5-10mm) angebohrt werden. Enge Bohrl\u00f6cher sind k\u00fcrzer, breite tiefer, so ergeben sich f\u00fcr unterschiedliche Wildbienen unterschiedliche Nistg\u00e4nge. Wichtig hierbei: immer ins L\u00e4ngsholz bohren, nicht in die Stirnscheibe. Sogenannte Holzscheiben sind absolut unbrauchbar, sehen nett aus, werden aber nur sehr z\u00f6gerlich angenommen und&#8230;<p class=\"more-link\"><a href=\"https:\/\/imkerei-lindner.de\/?p=89\" class=\"themebutton3\">Read More<\/a><\/p><\/div><\/li>\n<li><a class=\"wp-block-latest-posts__post-title\" href=\"https:\/\/imkerei-lindner.de\/?p=87\">Markhaltige St\u00e4ngel<\/a><div class=\"wp-block-latest-posts__post-excerpt\">Am besten werden markhaltige St\u00e4ngel angenommen, wenn sie vereinzelt, im Abstand von ca 40-50cm, vertikal angeordnet aufgestellt werden. Man kann die St\u00e4ngel in unterschiedlicher L\u00e4nge und St\u00e4rke anbieten, an St\u00e4ben befestigen oder an den Gartenzaun binden. In der freien Natur bevorzugen Wildbienenarten, die wir hiermit unterst\u00fctzen wollen, frei stehende St\u00e4ngel von K\u00f6nigskerzen oder Disteln. Als&#8230;<p class=\"more-link\"><a href=\"https:\/\/imkerei-lindner.de\/?p=87\" class=\"themebutton3\">Read More<\/a><\/p><\/div><\/li>\n<li><a class=\"wp-block-latest-posts__post-title\" href=\"https:\/\/imkerei-lindner.de\/?p=83\">Nisthilfen<\/a><div class=\"wp-block-latest-posts__post-excerpt\">Manche Wildbienenarten leben solit\u00e4r (Mauerbienen), andere primitiv-eusozial, d.h. die Kasten \u00e4hneln sich stark und es findet kein Futterausstausch statt (Hummeln, Schmalbienen)\u00a0 und wieder andere sind hoch-eusozial, die Kasten unterscheiden sich deutlich und ein Futteraustausch findet statt (Honigbienen). Solit\u00e4r lebende Wildbienen sind nicht nur hinsichtlich des Nahrungsangebots sehr spezialisiert sondern auch in Bezug auf ihrem Nestbau&#8230;.<p class=\"more-link\"><a href=\"https:\/\/imkerei-lindner.de\/?p=83\" class=\"themebutton3\">Read More<\/a><\/p><\/div><\/li>\n<\/ul>","protected":false},"excerpt":{"rendered":"<p>Von den weltweit 17.000 nachgewiesenen Bienenarten leben in Deutschland \u00fcber 550. Die bekannteste Bienenart ist sicherlich die Honigbiene, die von uns Imkern als Nutztier gehalten wird. Die anderen 549 Bienenarten sind den meisten Menschen unbekannt und f\u00fchren ein Schattendasein. Oder wer kennt schon die Gartenwollbiene, die Blattschneiderbiene, die Sandbiene, Buckelbiene, Wespenbiene, Fleckenbiene, Kuckuckshummel, die geh\u00f6rnte&#8230;<\/p>\n<p class=\"more-link\"><a href=\"https:\/\/imkerei-lindner.de\/?page_id=81\" class=\"themebutton3\">Read More<\/a><\/p>\n","protected":false},"author":1,"featured_media":0,"parent":0,"menu_order":0,"comment_status":"closed","ping_status":"closed","template":"","meta":[],"_links":{"self":[{"href":"https:\/\/imkerei-lindner.de\/index.php?rest_route=\/wp\/v2\/pages\/81"}],"collection":[{"href":"https:\/\/imkerei-lindner.de\/index.php?rest_route=\/wp\/v2\/pages"}],"about":[{"href":"https:\/\/imkerei-lindner.de\/index.php?rest_route=\/wp\/v2\/types\/page"}],"author":[{"embeddable":true,"href":"https:\/\/imkerei-lindner.de\/index.php?rest_route=\/wp\/v2\/users\/1"}],"replies":[{"embeddable":true,"href":"https:\/\/imkerei-lindner.de\/index.php?rest_route=%2Fwp%2Fv2%2Fcomments&post=81"}],"version-history":[{"count":3,"href":"https:\/\/imkerei-lindner.de\/index.php?rest_route=\/wp\/v2\/pages\/81\/revisions"}],"predecessor-version":[{"id":149,"href":"https:\/\/imkerei-lindner.de\/index.php?rest_route=\/wp\/v2\/pages\/81\/revisions\/149"}],"wp:attachment":[{"href":"https:\/\/imkerei-lindner.de\/index.php?rest_route=%2Fwp%2Fv2%2Fmedia&parent=81"}],"curies":[{"name":"wp","href":"https:\/\/api.w.org\/{rel}","templated":true}]}}