{"id":96,"date":"2020-01-02T20:42:22","date_gmt":"2020-01-02T20:42:22","guid":{"rendered":"http:\/\/imkerei-lindner.de\/?page_id=96"},"modified":"2020-01-02T21:40:50","modified_gmt":"2020-01-02T21:40:50","slug":"bienenweide","status":"publish","type":"page","link":"https:\/\/imkerei-lindner.de\/?page_id=96","title":{"rendered":"Bienenweide"},"content":{"rendered":"\n<p>Grunds\u00e4tzlich sollte man sich bei der Pflanzenauswahl an der Natur orientieren. Viele Zuchtsorten, v.a. gef\u00fcllte Blumen sind f\u00fcr Wildbienen g\u00e4nzlich ungeeignet. Aber mit einer Vielzahl an wundersch\u00f6nen, leicht zu kultivierenden, pflegeleichten und robusten Nahrungspflanzen kann man Wildbienen unterst\u00fctzen. <\/p>\n\n\n\n<p>Von den Baum- und Strauchgew\u00e4chsen eignen sich f\u00fcr den Garten alle bl\u00fchenden Weiden-, diverse Ahorn- und viele Prunus-Arten. Str\u00e4ucher verschiedenster Obstgeh\u00f6lze wie Johnnis-, Himm- und Brombeeren eignen sich ebenso wie Haselnuss, Holunder und Felsenbirne. Auch einige Zierstr\u00e4ucher sind \u00fcberaus geeignet f\u00fcr Bienen, so z.B. die Bartblume, die erst Ende August bis Oktober bl\u00fcht und in dieser trachtarmen Zeit unz\u00e4hlige Bienen mit Pollen und Nektar versorgt oder die Glycinie, eine Kletterpflanze die eine magische Anziehungskraft auf die schwarze Holzbiene hat. Bei den Blumen sollte man ungef\u00fcllte Sorten bevorzugen und wer ein Kr\u00e4uterbeet oder einen Kr\u00e4utergarten anlegt ist immer auf der richtigen Seite. Viele Kr\u00e4uterpflanzen sind Lippenbl\u00fchtler und man kann unz\u00e4hlige Wildbienen an Salbei, Lavendel, Melisse, Ysop, Thymian, Bergbohnenkraut und Pfefferminze beobachten. K\u00f6nigskerzen und der imposante Muskatellersalbei sollten nicht fehlen. So bietet ein abwechslungsreiches Kr\u00e4uterbeet \u00fcber einen sehr langen Zeitraum unz\u00e4hligen Wildbienen ein reichhaltiges Nahrungsangebot.<\/p>\n\n\n\n<p>Im Ziergarten achtet man auf verschiedene Bl\u00fchzeiten und pflanzt neben Blaukissen, Krokus und Blaustern auch Mohn und Glockenblumen, Ziest, Kaukasusgamander, Malve, Schafgarbe, Blutweiderich und Gilbweiderich.<\/p>\n\n\n\n<p> Hat man etwas mehr Raum zur Verf\u00fcgung, kann man einen Teil der Rasenfl\u00e4che durch eine einfach anzulegende Bienenweide ersetzen.<\/p>\n\n\n\n<p> Der Pflegeaufwand von Kr\u00e4uterbeet, Staudenrabatte und Bienenweide ist nach den Anfangsjahren \u00e4u\u00dferst gering und \u00fcberhaupt nicht mit dem Dauerrasenm\u00e4hen zu vergleichen. Bei uns wird zwei bis dreimal im Jahr Unkraut gezupft, viel kommt nicht mehr durch, nach 6-8 Jahren stehen die Pflanzen sehr dicht und Unkraut hat eigentlich fast keine Chance mehr. Ansonsten werden die Stauden an einem sch\u00f6nen sonnigen Februartag mit der Akkuheckenschere geschnitten &#8211; fertig.<\/p>\n\n\n\n<p>Unsere Bienenweide m\u00e4hen wir zweimal im Jahr mit der Hand, auch das ist kein gro\u00dfer Aufwand und man genie\u00dft es und schwelgt in Erinnerungen an eine wundersch\u00f6ne Kindheit auf einem fr\u00e4nkischen Bauernhof mit Heumachen und Grasm\u00e4hen mit der Sense.<\/p>\n\n\n\n<figure class=\"wp-block-image size-large\"><img decoding=\"async\" loading=\"lazy\" width=\"1024\" height=\"576\" src=\"https:\/\/imkerei-lindner.de\/wp-content\/uploads\/2020\/01\/20180626_180929-1024x576.jpg\" alt=\"\" class=\"wp-image-131\" srcset=\"https:\/\/imkerei-lindner.de\/wp-content\/uploads\/2020\/01\/20180626_180929-1024x576.jpg 1024w, https:\/\/imkerei-lindner.de\/wp-content\/uploads\/2020\/01\/20180626_180929-300x169.jpg 300w, https:\/\/imkerei-lindner.de\/wp-content\/uploads\/2020\/01\/20180626_180929-768x432.jpg 768w, https:\/\/imkerei-lindner.de\/wp-content\/uploads\/2020\/01\/20180626_180929-1536x864.jpg 1536w, https:\/\/imkerei-lindner.de\/wp-content\/uploads\/2020\/01\/20180626_180929-2048x1152.jpg 2048w\" sizes=\"(max-width: 1024px) 100vw, 1024px\" \/><\/figure>\n\n\n\n<figure class=\"wp-block-image size-large\"><img decoding=\"async\" loading=\"lazy\" width=\"1024\" height=\"614\" src=\"https:\/\/imkerei-lindner.de\/wp-content\/uploads\/2020\/01\/20180914_182851-1024x614.jpg\" alt=\"\" class=\"wp-image-130\" srcset=\"https:\/\/imkerei-lindner.de\/wp-content\/uploads\/2020\/01\/20180914_182851-1024x614.jpg 1024w, https:\/\/imkerei-lindner.de\/wp-content\/uploads\/2020\/01\/20180914_182851-300x180.jpg 300w, https:\/\/imkerei-lindner.de\/wp-content\/uploads\/2020\/01\/20180914_182851-768x461.jpg 768w, https:\/\/imkerei-lindner.de\/wp-content\/uploads\/2020\/01\/20180914_182851-1536x922.jpg 1536w, https:\/\/imkerei-lindner.de\/wp-content\/uploads\/2020\/01\/20180914_182851-2048x1229.jpg 2048w\" sizes=\"(max-width: 1024px) 100vw, 1024px\" \/><\/figure>\n","protected":false},"excerpt":{"rendered":"<p>Grunds\u00e4tzlich sollte man sich bei der Pflanzenauswahl an der Natur orientieren. Viele Zuchtsorten, v.a. gef\u00fcllte Blumen sind f\u00fcr Wildbienen g\u00e4nzlich ungeeignet. Aber mit einer Vielzahl an wundersch\u00f6nen, leicht zu kultivierenden, pflegeleichten und robusten Nahrungspflanzen kann man Wildbienen unterst\u00fctzen. Von den Baum- und Strauchgew\u00e4chsen eignen sich f\u00fcr den Garten alle bl\u00fchenden Weiden-, diverse Ahorn- und viele&#8230;<\/p>\n<p class=\"more-link\"><a href=\"https:\/\/imkerei-lindner.de\/?page_id=96\" class=\"themebutton3\">Read More<\/a><\/p>\n","protected":false},"author":1,"featured_media":0,"parent":0,"menu_order":0,"comment_status":"closed","ping_status":"closed","template":"","meta":[],"_links":{"self":[{"href":"https:\/\/imkerei-lindner.de\/index.php?rest_route=\/wp\/v2\/pages\/96"}],"collection":[{"href":"https:\/\/imkerei-lindner.de\/index.php?rest_route=\/wp\/v2\/pages"}],"about":[{"href":"https:\/\/imkerei-lindner.de\/index.php?rest_route=\/wp\/v2\/types\/page"}],"author":[{"embeddable":true,"href":"https:\/\/imkerei-lindner.de\/index.php?rest_route=\/wp\/v2\/users\/1"}],"replies":[{"embeddable":true,"href":"https:\/\/imkerei-lindner.de\/index.php?rest_route=%2Fwp%2Fv2%2Fcomments&post=96"}],"version-history":[{"count":2,"href":"https:\/\/imkerei-lindner.de\/index.php?rest_route=\/wp\/v2\/pages\/96\/revisions"}],"predecessor-version":[{"id":132,"href":"https:\/\/imkerei-lindner.de\/index.php?rest_route=\/wp\/v2\/pages\/96\/revisions\/132"}],"wp:attachment":[{"href":"https:\/\/imkerei-lindner.de\/index.php?rest_route=%2Fwp%2Fv2%2Fmedia&parent=96"}],"curies":[{"name":"wp","href":"https:\/\/api.w.org\/{rel}","templated":true}]}}